{"id":4,"date":"2016-02-12T07:54:41","date_gmt":"2016-02-12T05:54:41","guid":{"rendered":"http:\/\/demos.famethemes.com\/onepress\/?page_id=4"},"modified":"2024-04-29T18:59:19","modified_gmt":"2024-04-29T15:59:19","slug":"etusivu","status":"publish","type":"page","link":"https:\/\/vaantajantila.fi\/en\/","title":{"rendered":"V\u00e4\u00e4nt\u00e4j\u00e4n  Tila"},"content":{"rendered":"","protected":false},"excerpt":{"rendered":"<p class=\"translation-block\">Welcome to relax along the beautiful <strong>River V\u00e4liv\u00e4yl\u00e4!<\/strong><\/p>","protected":false},"author":1,"featured_media":2652,"parent":0,"menu_order":1,"comment_status":"closed","ping_status":"closed","template":"template-frontpage.php","meta":{"footnotes":""},"class_list":["post-4","page","type-page","status-publish","has-post-thumbnail","hentry"],"_links":{"self":[{"href":"https:\/\/vaantajantila.fi\/en\/wp-json\/wp\/v2\/pages\/4","targetHints":{"allow":["GET"]}}],"collection":[{"href":"https:\/\/vaantajantila.fi\/en\/wp-json\/wp\/v2\/pages"}],"about":[{"href":"https:\/\/vaantajantila.fi\/en\/wp-json\/wp\/v2\/types\/page"}],"author":[{"embeddable":true,"href":"https:\/\/vaantajantila.fi\/en\/wp-json\/wp\/v2\/users\/1"}],"replies":[{"embeddable":true,"href":"https:\/\/vaantajantila.fi\/en\/wp-json\/wp\/v2\/comments?post=4"}],"version-history":[{"count":14,"href":"https:\/\/vaantajantila.fi\/en\/wp-json\/wp\/v2\/pages\/4\/revisions"}],"predecessor-version":[{"id":2617,"href":"https:\/\/vaantajantila.fi\/en\/wp-json\/wp\/v2\/pages\/4\/revisions\/2617"}],"wp:featuredmedia":[{"embeddable":true,"href":"https:\/\/vaantajantila.fi\/en\/wp-json\/wp\/v2\/media\/2652"}],"wp:attachment":[{"href":"https:\/\/vaantajantila.fi\/en\/wp-json\/wp\/v2\/media?parent=4"}],"curies":[{"name":"wp","href":"https:\/\/api.w.org\/{rel}","templated":true}]}}