{"id":3,"date":"2020-03-13T22:09:59","date_gmt":"2020-03-13T20:09:59","guid":{"rendered":"https:\/\/vainonen.com\/vaantajantila\/?page_id=3"},"modified":"2024-04-29T18:57:51","modified_gmt":"2024-04-29T15:57:51","slug":"tietosuojaseloste","status":"publish","type":"page","link":"https:\/\/vaantajantila.fi\/en\/tietosuojaseloste\/","title":{"rendered":"Privacy policy"},"content":{"rendered":"<div id=\"content\" class=\"content\">\n<p>This is a statement on the processing of your personal data pursuant to the EU\u2019s General Data Protection Regulation (679\/2016).<\/p>\n<div>\n<h3>Controller<\/h3>\n<p>V\u00e4\u00e4nt\u00e4j\u00e4n Tila<span class=\"\"><br \/>\nBusiness ID: 1222944-3<\/span><\/p>\n<\/div>\n<div>\n<h3>Communication regarding privacy matters<\/h3>\n<p>Sovi V\u00e4\u00e4nt\u00e4j\u00e4<br \/>\ntel. 0400 525 062<br \/>\nemail address: info@vaantajantila.fi<\/p>\n<p>We request that data subjects contact the person listed hereinabove for all questions related to the processing of personal data and situations related to the exercising of your rights.<\/p>\n<\/div>\n<div>\n<h3>Basis and purpose of processing personal data<\/h3>\n<p>The legal basis for the processing of personal data is customer relationship.<\/p>\n<\/div>\n<div>\n<h3>Personal data being processed<\/h3>\n<p>The controller only collects personal data concerning the data subjects that is essential and relevant for the purposes explained in this privacy statement.<\/p>\n<p>The following data concerning the data subjects is processed:<\/p>\n<p class=\"translation-block\">\u2013 First and last name<br>\n\u2013 Postal address<br>\n\u2013 Phone number<br>\n\u2013 Email address<br>\n\u2013 Technical information collected by cookies (eg. IP address, browser type)<\/p>\n<\/div>\n<div>\n<h3>Retention period for personal data<\/h3>\n<p>The controller will process the personal data for six years.<\/p>\n<p>The controller may have an obligation to process some personal data belonging to the filing system for longer than stated above in order to comply with the legislation or authority requirements.<\/p>\n<\/div>\n<div>\n<h3>Rights of the data subject<\/h3>\n<p><em>Right to request access to personal data<\/em><\/p>\n<p>The data subject has the right to receive confirmation regarding whether personal data concerning them is being processed and, if it is, the right to receive a copy of their personal data.<\/p>\n<p><em>Right to rectification<\/em><\/p>\n<p>The data subject has the right to request that inaccurate and erroneous personal data concerning them be rectified. The data subject also has the right to supplement incomplete personal data by submitting the required additional information.<\/p>\n<p><em>Right to erasure<\/em><\/p>\n<p>The data subject has the right to request erasure of personal data concerning them if<\/p>\n<p>a. the personal data is no longer required for the purposes for which they were collected; or<\/p>\n<p>b. the personal data has been unlawfully processed.<\/p>\n<p><em>Right to restriction of processing<\/em><\/p>\n<p>The data subject has the right to restrict the processing of personal data concerning them if<\/p>\n<p>a. the data subject contests the accuracy of their personal data;<\/p>\n<p>b. the processing is unlawful and the data subject opposes the erasure of the personal data and requests the restriction of its use instead; or<\/p>\n<p>c. the controller no longer needs the personal data for the purposes of the processing, but it is required by the data subject for the establishment, exercise or defence of legal claims.<\/p>\n<p><em>Right to data portability<\/em><\/p>\n<p>The data subject has the right to receive the personal data concerning them, which they have provided to a controller, in a structured, commonly used and machine-readable format and have the right to transmit this data to another controller.<\/p>\n<p><em>Right to lodge a complaint with a supervisory authority<\/em><\/p>\n<p>The office of the Data Protection Ombudsman, operating under the Ministry of Justice, is the national supervisory authority for personal data matters. You have the right to bring your case to the supervisory authority if you consider that the processing of personal data concerning you is in violation of applicable law.<\/p>\n<\/div>\n<\/div>","protected":false},"excerpt":{"rendered":"<p>T\u00e4m\u00e4 on EU:n yleisen tietosuoja-asetuksen (679\/2016) mukainen selvitys henkil\u00f6tietojen k\u00e4sittelyst\u00e4. Rekisterinpit\u00e4j\u00e4 V\u00e4\u00e4nt\u00e4j\u00e4n Tila Y-tunnus: 1222944-3 Tietosuoja-asioita koskevat yhteydenotot Sovi V\u00e4\u00e4nt\u00e4j\u00e4 p. 0400 525 062 s\u00e4hk\u00f6posti: info@vaantajantila.fi Kaikissa henkil\u00f6tietojen k\u00e4sittelyyn liittyviss\u00e4 &#8230;<\/p>","protected":false},"author":1,"featured_media":0,"parent":0,"menu_order":9,"comment_status":"closed","ping_status":"closed","template":"","meta":{"footnotes":""},"class_list":["post-3","page","type-page","status-publish","hentry"],"_links":{"self":[{"href":"https:\/\/vaantajantila.fi\/en\/wp-json\/wp\/v2\/pages\/3","targetHints":{"allow":["GET"]}}],"collection":[{"href":"https:\/\/vaantajantila.fi\/en\/wp-json\/wp\/v2\/pages"}],"about":[{"href":"https:\/\/vaantajantila.fi\/en\/wp-json\/wp\/v2\/types\/page"}],"author":[{"embeddable":true,"href":"https:\/\/vaantajantila.fi\/en\/wp-json\/wp\/v2\/users\/1"}],"replies":[{"embeddable":true,"href":"https:\/\/vaantajantila.fi\/en\/wp-json\/wp\/v2\/comments?post=3"}],"version-history":[{"count":14,"href":"https:\/\/vaantajantila.fi\/en\/wp-json\/wp\/v2\/pages\/3\/revisions"}],"predecessor-version":[{"id":1949,"href":"https:\/\/vaantajantila.fi\/en\/wp-json\/wp\/v2\/pages\/3\/revisions\/1949"}],"wp:attachment":[{"href":"https:\/\/vaantajantila.fi\/en\/wp-json\/wp\/v2\/media?parent=3"}],"curies":[{"name":"wp","href":"https:\/\/api.w.org\/{rel}","templated":true}]}}