{"id":2751,"date":"2024-04-29T19:38:20","date_gmt":"2024-04-29T16:38:20","guid":{"rendered":"https:\/\/vaantajantila.fi\/?page_id=2751"},"modified":"2025-03-04T12:43:30","modified_gmt":"2025-03-04T10:43:30","slug":"akanlahti","status":"publish","type":"page","link":"https:\/\/vaantajantila.fi\/en\/mokit\/akanlahti\/","title":{"rendered":"Akanlahti"},"content":{"rendered":"<div class=\"n2-section-smartslider fitvidsignore\" data-ssid=\"2\" tabindex=\"0\" role=\"region\" aria-label=\"Slider\"><div id=\"n2-ss-2-align\" class=\"n2-ss-align\"><div class=\"n2-padding\"><div id=\"n2-ss-2\" data-creator=\"Smart Slider 3\" data-responsive=\"auto\" class=\"n2-ss-slider n2-ow n2-has-hover n2notransition\">\n\n\n\n\n\n<div class=\"n2-ss-slider-wrapper-outside\" style=\"grid-template-rows:1fr auto\"><div class=\"n2-ss-slider-wrapper-inside\">\n        <div class=\"n2-ss-slider-1 n2_ss__touch_element n2-ow\">\n            <div class=\"n2-ss-slider-2 n2-ow\">\n                                                <div class=\"n2-ss-slider-3 n2-ow\">\n\n                    <div class=\"n2-ss-slide-backgrounds n2-ow-all\"><div class=\"n2-ss-slide-background\" data-public-id=\"1\" data-mode=\"fill\"><div class=\"n2-ss-slide-background-image\" data-blur=\"0\" data-opacity=\"100\" data-x=\"50\" data-y=\"50\" data-alt=\"\" data-title=\"\"><picture class=\"skip-lazy\" data-skip-lazy=\"1\"><img decoding=\"async\" src=\"\/\/vaantajantila.fi\/wp-content\/uploads\/2020\/06\/akanlahti_15.jpg\" alt=\"\" title=\"\" loading=\"lazy\" class=\"skip-lazy\" data-skip-lazy=\"1\"><\/picture><\/div><div data-color=\"RGBA(255,255,255,0)\" style=\"background-color: RGBA(255,255,255,0);\" class=\"n2-ss-slide-background-color\"><\/div><\/div><div class=\"n2-ss-slide-background\" data-public-id=\"2\" data-mode=\"fill\" aria-hidden=\"true\"><div class=\"n2-ss-slide-background-image\" data-blur=\"0\" data-opacity=\"100\" data-x=\"50\" data-y=\"50\" data-alt=\"\" data-title=\"\"><picture class=\"skip-lazy\" data-skip-lazy=\"1\"><img decoding=\"async\" src=\"\/\/vaantajantila.fi\/wp-content\/uploads\/2020\/06\/akanlahti_2.jpg\" alt=\"\" title=\"\" loading=\"lazy\" class=\"skip-lazy\" data-skip-lazy=\"1\"><\/picture><\/div><div data-color=\"RGBA(255,255,255,0)\" style=\"background-color: RGBA(255,255,255,0);\" class=\"n2-ss-slide-background-color\"><\/div><\/div><div class=\"n2-ss-slide-background\" data-public-id=\"3\" data-mode=\"fit\" aria-hidden=\"true\"><div class=\"n2-ss-slide-background-image\" data-blur=\"0\" data-opacity=\"100\" data-x=\"50\" data-y=\"50\" data-alt=\"\" data-title=\"\"><picture class=\"skip-lazy\" data-skip-lazy=\"1\"><img decoding=\"async\" src=\"\/\/vaantajantila.fi\/wp-content\/uploads\/slider2\/IMG_1163.jpeg\" alt=\"\" title=\"\" loading=\"lazy\" class=\"skip-lazy\" data-skip-lazy=\"1\"><\/picture><\/div><div data-color=\"RGBA(255,255,255,0)\" style=\"background-color: RGBA(255,255,255,0);\" class=\"n2-ss-slide-background-color\"><\/div><\/div><div class=\"n2-ss-slide-background\" data-public-id=\"4\" data-mode=\"fit\" aria-hidden=\"true\"><div class=\"n2-ss-slide-background-image\" data-blur=\"0\" data-opacity=\"100\" data-x=\"50\" data-y=\"50\" data-alt=\"\" data-title=\"\"><picture class=\"skip-lazy\" data-skip-lazy=\"1\"><img decoding=\"async\" src=\"\/\/vaantajantila.fi\/wp-content\/uploads\/2026\/03\/IMG_1167-scaled.jpeg\" alt=\"\" title=\"\" loading=\"lazy\" class=\"skip-lazy\" data-skip-lazy=\"1\"><\/picture><\/div><div data-color=\"RGBA(255,255,255,0)\" style=\"background-color: RGBA(255,255,255,0);\" class=\"n2-ss-slide-background-color\"><\/div><\/div><div class=\"n2-ss-slide-background\" data-public-id=\"5\" data-mode=\"fit\" aria-hidden=\"true\"><div class=\"n2-ss-slide-background-image\" data-blur=\"0\" data-opacity=\"100\" data-x=\"50\" data-y=\"50\" data-alt=\"\" data-title=\"\"><picture class=\"skip-lazy\" data-skip-lazy=\"1\"><img decoding=\"async\" src=\"\/\/vaantajantila.fi\/wp-content\/uploads\/slider2\/IMG_1168.jpeg\" alt=\"\" title=\"\" loading=\"lazy\" class=\"skip-lazy\" data-skip-lazy=\"1\"><\/picture><\/div><div data-color=\"RGBA(255,255,255,0)\" style=\"background-color: RGBA(255,255,255,0);\" class=\"n2-ss-slide-background-color\"><\/div><\/div><div class=\"n2-ss-slide-background\" data-public-id=\"6\" data-mode=\"fit\" aria-hidden=\"true\"><div class=\"n2-ss-slide-background-image\" data-blur=\"0\" data-opacity=\"100\" data-x=\"50\" data-y=\"50\" data-alt=\"\" data-title=\"\"><picture class=\"skip-lazy\" data-skip-lazy=\"1\"><img decoding=\"async\" src=\"\/\/vaantajantila.fi\/wp-content\/uploads\/slider2\/IMG_1166.jpeg\" alt=\"\" title=\"\" loading=\"lazy\" class=\"skip-lazy\" data-skip-lazy=\"1\"><\/picture><\/div><div data-color=\"RGBA(255,255,255,0)\" style=\"background-color: RGBA(255,255,255,0);\" class=\"n2-ss-slide-background-color\"><\/div><\/div><div class=\"n2-ss-slide-background\" data-public-id=\"7\" data-mode=\"fill\" aria-hidden=\"true\"><div class=\"n2-ss-slide-background-image\" data-blur=\"0\" data-opacity=\"100\" data-x=\"50\" data-y=\"50\" data-alt=\"\" data-title=\"\"><picture class=\"skip-lazy\" data-skip-lazy=\"1\"><img decoding=\"async\" src=\"\/\/vaantajantila.fi\/wp-content\/uploads\/2020\/06\/akanlahti_9.jpg\" alt=\"\" title=\"\" loading=\"lazy\" class=\"skip-lazy\" data-skip-lazy=\"1\"><\/picture><\/div><div data-color=\"RGBA(255,255,255,0)\" style=\"background-color: RGBA(255,255,255,0);\" class=\"n2-ss-slide-background-color\"><\/div><\/div><div class=\"n2-ss-slide-background\" data-public-id=\"8\" data-mode=\"fill\" aria-hidden=\"true\"><div class=\"n2-ss-slide-background-image\" data-blur=\"0\" data-opacity=\"100\" data-x=\"50\" data-y=\"50\" data-alt=\"\" data-title=\"\"><picture class=\"skip-lazy\" data-skip-lazy=\"1\"><img decoding=\"async\" src=\"\/\/vaantajantila.fi\/wp-content\/uploads\/2020\/06\/akanlahti_11.jpg\" alt=\"\" title=\"\" loading=\"lazy\" class=\"skip-lazy\" data-skip-lazy=\"1\"><\/picture><\/div><div data-color=\"RGBA(255,255,255,0)\" style=\"background-color: RGBA(255,255,255,0);\" class=\"n2-ss-slide-background-color\"><\/div><\/div><div class=\"n2-ss-slide-background\" data-public-id=\"9\" data-mode=\"fill\" aria-hidden=\"true\"><div class=\"n2-ss-slide-background-image\" data-blur=\"0\" data-opacity=\"100\" data-x=\"50\" data-y=\"50\" data-alt=\"\" data-title=\"\"><picture class=\"skip-lazy\" data-skip-lazy=\"1\"><img decoding=\"async\" src=\"\/\/vaantajantila.fi\/wp-content\/uploads\/2020\/06\/akanlahti_6.jpg\" alt=\"\" title=\"\" loading=\"lazy\" class=\"skip-lazy\" data-skip-lazy=\"1\"><\/picture><\/div><div data-color=\"RGBA(255,255,255,0)\" style=\"background-color: RGBA(255,255,255,0);\" class=\"n2-ss-slide-background-color\"><\/div><\/div><div class=\"n2-ss-slide-background\" data-public-id=\"10\" data-mode=\"fill\" aria-hidden=\"true\"><div class=\"n2-ss-slide-background-image\" data-blur=\"0\" data-opacity=\"100\" data-x=\"50\" data-y=\"50\" data-alt=\"\" data-title=\"\"><picture class=\"skip-lazy\" data-skip-lazy=\"1\"><img decoding=\"async\" src=\"\/\/vaantajantila.fi\/wp-content\/uploads\/2020\/06\/akanlahti_8.jpg\" alt=\"\" title=\"\" loading=\"lazy\" class=\"skip-lazy\" data-skip-lazy=\"1\"><\/picture><\/div><div data-color=\"RGBA(255,255,255,0)\" style=\"background-color: RGBA(255,255,255,0);\" class=\"n2-ss-slide-background-color\"><\/div><\/div><div class=\"n2-ss-slide-background\" data-public-id=\"11\" data-mode=\"fill\" aria-hidden=\"true\"><div class=\"n2-ss-slide-background-image\" data-blur=\"0\" data-opacity=\"100\" data-x=\"50\" data-y=\"50\" data-alt=\"\" data-title=\"\"><picture class=\"skip-lazy\" data-skip-lazy=\"1\"><img decoding=\"async\" src=\"\/\/vaantajantila.fi\/wp-content\/uploads\/2020\/06\/akanlahti_1-1.jpg\" alt=\"\" title=\"\" loading=\"lazy\" class=\"skip-lazy\" data-skip-lazy=\"1\"><\/picture><\/div><div data-color=\"RGBA(255,255,255,0)\" style=\"background-color: RGBA(255,255,255,0);\" class=\"n2-ss-slide-background-color\"><\/div><\/div><div class=\"n2-ss-slide-background\" data-public-id=\"12\" data-mode=\"fill\" aria-hidden=\"true\"><div class=\"n2-ss-slide-background-image\" data-blur=\"0\" data-opacity=\"100\" data-x=\"50\" data-y=\"50\" data-alt=\"\" data-title=\"\"><picture class=\"skip-lazy\" data-skip-lazy=\"1\"><img decoding=\"async\" src=\"\/\/vaantajantila.fi\/wp-content\/uploads\/2020\/06\/akanlahti_pohja_750x350-large.jpg\" alt=\"\" title=\"\" loading=\"lazy\" class=\"skip-lazy\" data-skip-lazy=\"1\"><\/picture><\/div><div data-color=\"RGBA(255,255,255,0)\" style=\"background-color: RGBA(255,255,255,0);\" class=\"n2-ss-slide-background-color\"><\/div><\/div><\/div>                    <div class=\"n2-ss-slider-4 n2-ow\">\n                        <svg xmlns=\"http:\/\/www.w3.org\/2000\/svg\" viewbox=\"0 0 790 400\" data-related-device=\"desktopPortrait\" class=\"n2-ow n2-ss-preserve-size n2-ss-preserve-size--slider n2-ss-slide-limiter\"><\/svg><div data-first=\"1\" data-slide-duration=\"0\" data-id=\"22\" data-slide-public-id=\"1\" class=\"n2-ss-slide n2-ow  n2-ss-slide-22\"><div role=\"note\" class=\"n2-ss-slide--focus\" tabindex=\"-1\"><\/div><div class=\"n2-ss-layers-container n2-ss-slide-limiter n2-ow\"><div class=\"n2-ss-layer n2-ow n-uc-X4KreWEOvFCD\" data-sstype=\"slide\" data-pm=\"default\"><\/div><\/div><\/div><div data-slide-duration=\"0\" data-id=\"14\" data-slide-public-id=\"2\" aria-hidden=\"true\" class=\"n2-ss-slide n2-ow  n2-ss-slide-14\"><div role=\"note\" class=\"n2-ss-slide--focus\" tabindex=\"-1\"><\/div><div class=\"n2-ss-layers-container n2-ss-slide-limiter n2-ow\"><div class=\"n2-ss-layer n2-ow n-uc-z1kQP9BBjF0q\" data-sstype=\"slide\" data-pm=\"default\"><\/div><\/div><\/div><div data-slide-duration=\"0\" data-id=\"80\" data-slide-public-id=\"3\" aria-hidden=\"true\" class=\"n2-ss-slide n2-ow  n2-ss-slide-80\"><div role=\"note\" class=\"n2-ss-slide--focus\" tabindex=\"-1\"><\/div><div class=\"n2-ss-layers-container n2-ss-slide-limiter n2-ow\"><div class=\"n2-ss-layer n2-ow n-uc-EFHh55RZPYdt\" data-sstype=\"slide\" data-pm=\"default\"><\/div><\/div><\/div><div data-slide-duration=\"0\" data-id=\"15\" data-slide-public-id=\"4\" aria-hidden=\"true\" class=\"n2-ss-slide n2-ow  n2-ss-slide-15\"><div role=\"note\" class=\"n2-ss-slide--focus\" tabindex=\"-1\"><\/div><div class=\"n2-ss-layers-container n2-ss-slide-limiter n2-ow\"><div class=\"n2-ss-layer n2-ow n-uc-BBDhrUQu4NWj\" data-sstype=\"slide\" data-pm=\"default\"><\/div><\/div><\/div><div data-slide-duration=\"0\" data-id=\"79\" data-slide-public-id=\"5\" aria-hidden=\"true\" class=\"n2-ss-slide n2-ow  n2-ss-slide-79\"><div role=\"note\" class=\"n2-ss-slide--focus\" tabindex=\"-1\"><\/div><div class=\"n2-ss-layers-container n2-ss-slide-limiter n2-ow\"><div class=\"n2-ss-layer n2-ow n-uc-CgT1V6blkiWW\" data-sstype=\"slide\" data-pm=\"default\"><\/div><\/div><\/div><div data-slide-duration=\"0\" data-id=\"81\" data-slide-public-id=\"6\" aria-hidden=\"true\" class=\"n2-ss-slide n2-ow  n2-ss-slide-81\"><div role=\"note\" class=\"n2-ss-slide--focus\" tabindex=\"-1\"><\/div><div class=\"n2-ss-layers-container n2-ss-slide-limiter n2-ow\"><div class=\"n2-ss-layer n2-ow n-uc-nu41lGqCtqDG\" data-sstype=\"slide\" data-pm=\"default\"><\/div><\/div><\/div><div data-slide-duration=\"0\" data-id=\"19\" data-slide-public-id=\"7\" aria-hidden=\"true\" class=\"n2-ss-slide n2-ow  n2-ss-slide-19\"><div role=\"note\" class=\"n2-ss-slide--focus\" tabindex=\"-1\"><\/div><div class=\"n2-ss-layers-container n2-ss-slide-limiter n2-ow\"><div class=\"n2-ss-layer n2-ow n-uc-islSLAqElhsw\" data-sstype=\"slide\" data-pm=\"default\"><\/div><\/div><\/div><div data-slide-duration=\"0\" data-id=\"20\" data-slide-public-id=\"8\" aria-hidden=\"true\" class=\"n2-ss-slide n2-ow  n2-ss-slide-20\"><div role=\"note\" class=\"n2-ss-slide--focus\" tabindex=\"-1\"><\/div><div class=\"n2-ss-layers-container n2-ss-slide-limiter n2-ow\"><div class=\"n2-ss-layer n2-ow n-uc-JtCEojhh8s2z\" data-sstype=\"slide\" data-pm=\"default\"><\/div><\/div><\/div><div data-slide-duration=\"0\" data-id=\"16\" data-slide-public-id=\"9\" aria-hidden=\"true\" class=\"n2-ss-slide n2-ow  n2-ss-slide-16\"><div role=\"note\" class=\"n2-ss-slide--focus\" tabindex=\"-1\"><\/div><div class=\"n2-ss-layers-container n2-ss-slide-limiter n2-ow\"><div class=\"n2-ss-layer n2-ow n-uc-nrWAPy9dOBih\" data-sstype=\"slide\" data-pm=\"default\"><\/div><\/div><\/div><div data-slide-duration=\"0\" data-id=\"18\" data-slide-public-id=\"10\" aria-hidden=\"true\" class=\"n2-ss-slide n2-ow  n2-ss-slide-18\"><div role=\"note\" class=\"n2-ss-slide--focus\" tabindex=\"-1\"><\/div><div class=\"n2-ss-layers-container n2-ss-slide-limiter n2-ow\"><div class=\"n2-ss-layer n2-ow n-uc-Cg6ArSOyb19V\" data-sstype=\"slide\" data-pm=\"default\"><\/div><\/div><\/div><div data-slide-duration=\"0\" data-id=\"13\" data-slide-public-id=\"11\" aria-hidden=\"true\" class=\"n2-ss-slide n2-ow  n2-ss-slide-13\"><div role=\"note\" class=\"n2-ss-slide--focus\" tabindex=\"-1\"><\/div><div class=\"n2-ss-layers-container n2-ss-slide-limiter n2-ow\"><div class=\"n2-ss-layer n2-ow n-uc-miEMEpljHMOG\" data-sstype=\"slide\" data-pm=\"default\"><\/div><\/div><\/div><div data-slide-duration=\"0\" data-id=\"75\" data-slide-public-id=\"12\" aria-hidden=\"true\" class=\"n2-ss-slide n2-ow  n2-ss-slide-75\"><div role=\"note\" class=\"n2-ss-slide--focus\" tabindex=\"-1\"><\/div><div class=\"n2-ss-layers-container n2-ss-slide-limiter n2-ow\"><div class=\"n2-ss-layer n2-ow n-uc-qhc42JzOI5cC\" data-sstype=\"slide\" data-pm=\"default\"><\/div><\/div><\/div>                    <\/div>\n\n                                    <\/div>\n            <\/div>\n        <\/div>\n        <div class=\"n2-ss-slider-controls n2-ss-slider-controls-absolute-left-center\"><div style=\"--widget-offset:15px;\" class=\"n2-ss-widget nextend-arrow n2-ow-all nextend-arrow-previous  nextend-arrow-animated-fade\" id=\"n2-ss-2-arrow-previous\" role=\"button\" aria-label=\"previous arrow\" tabindex=\"0\"><img loading=\"lazy\" decoding=\"async\" width=\"32\" height=\"32\" class=\"n2-arrow-normal-img skip-lazy\" data-skip-lazy=\"1\" src=\"data:image\/svg+xml;base64,PHN2ZyB3aWR0aD0iMzIiIGhlaWdodD0iMzIiIHZpZXdCb3g9IjAgMCAzMiAzMiIgeG1sbnM9Imh0dHA6Ly93d3cudzMub3JnLzIwMDAvc3ZnIj4KICAgIDxwYXRoIGQ9Ik0xMS40MzMgMTUuOTkyTDIyLjY5IDUuNzEyYy4zOTMtLjM5LjM5My0xLjAzIDAtMS40Mi0uMzkzLS4zOS0xLjAzLS4zOS0xLjQyMyAwbC0xMS45OCAxMC45NGMtLjIxLjIxLS4zLjQ5LS4yODUuNzYtLjAxNS4yOC4wNzUuNTYuMjg0Ljc3bDExLjk4IDEwLjk0Yy4zOTMuMzkgMS4wMy4zOSAxLjQyNCAwIC4zOTMtLjQuMzkzLTEuMDMgMC0xLjQybC0xMS4yNTctMTAuMjkiCiAgICAgICAgICBmaWxsPSIjZmZmZmZmIiBvcGFjaXR5PSIwLjgiIGZpbGwtcnVsZT0iZXZlbm9kZCIvPgo8L3N2Zz4=\" alt=\"previous arrow\"><img loading=\"lazy\" decoding=\"async\" width=\"32\" height=\"32\" class=\"n2-arrow-hover-img skip-lazy\" data-skip-lazy=\"1\" src=\"data:image\/svg+xml;base64,PHN2ZyB3aWR0aD0iMzIiIGhlaWdodD0iMzIiIHZpZXdCb3g9IjAgMCAzMiAzMiIgeG1sbnM9Imh0dHA6Ly93d3cudzMub3JnLzIwMDAvc3ZnIj4KICAgIDxwYXRoIGQ9Ik0xMS40MzMgMTUuOTkyTDIyLjY5IDUuNzEyYy4zOTMtLjM5LjM5My0xLjAzIDAtMS40Mi0uMzkzLS4zOS0xLjAzLS4zOS0xLjQyMyAwbC0xMS45OCAxMC45NGMtLjIxLjIxLS4zLjQ5LS4yODUuNzYtLjAxNS4yOC4wNzUuNTYuMjg0Ljc3bDExLjk4IDEwLjk0Yy4zOTMuMzkgMS4wMy4zOSAxLjQyNCAwIC4zOTMtLjQuMzkzLTEuMDMgMC0xLjQybC0xMS4yNTctMTAuMjkiCiAgICAgICAgICBmaWxsPSIjZmZmZmZmIiBvcGFjaXR5PSIxIiBmaWxsLXJ1bGU9ImV2ZW5vZGQiLz4KPC9zdmc+\" alt=\"previous arrow\"><\/div><\/div><div class=\"n2-ss-slider-controls n2-ss-slider-controls-absolute-right-center\"><div style=\"--widget-offset:15px;\" class=\"n2-ss-widget nextend-arrow n2-ow-all nextend-arrow-next  nextend-arrow-animated-fade\" id=\"n2-ss-2-arrow-next\" role=\"button\" aria-label=\"next arrow\" tabindex=\"0\"><img loading=\"lazy\" decoding=\"async\" width=\"32\" height=\"32\" class=\"n2-arrow-normal-img skip-lazy\" data-skip-lazy=\"1\" src=\"data:image\/svg+xml;base64,PHN2ZyB3aWR0aD0iMzIiIGhlaWdodD0iMzIiIHZpZXdCb3g9IjAgMCAzMiAzMiIgeG1sbnM9Imh0dHA6Ly93d3cudzMub3JnLzIwMDAvc3ZnIj4KICAgIDxwYXRoIGQ9Ik0xMC43MjIgNC4yOTNjLS4zOTQtLjM5LTEuMDMyLS4zOS0xLjQyNyAwLS4zOTMuMzktLjM5MyAxLjAzIDAgMS40MmwxMS4yODMgMTAuMjgtMTEuMjgzIDEwLjI5Yy0uMzkzLjM5LS4zOTMgMS4wMiAwIDEuNDIuMzk1LjM5IDEuMDMzLjM5IDEuNDI3IDBsMTIuMDA3LTEwLjk0Yy4yMS0uMjEuMy0uNDkuMjg0LS43Ny4wMTQtLjI3LS4wNzYtLjU1LS4yODYtLjc2TDEwLjcyIDQuMjkzeiIKICAgICAgICAgIGZpbGw9IiNmZmZmZmYiIG9wYWNpdHk9IjAuOCIgZmlsbC1ydWxlPSJldmVub2RkIi8+Cjwvc3ZnPg==\" alt=\"next arrow\"><img loading=\"lazy\" decoding=\"async\" width=\"32\" height=\"32\" class=\"n2-arrow-hover-img skip-lazy\" data-skip-lazy=\"1\" src=\"data:image\/svg+xml;base64,PHN2ZyB3aWR0aD0iMzIiIGhlaWdodD0iMzIiIHZpZXdCb3g9IjAgMCAzMiAzMiIgeG1sbnM9Imh0dHA6Ly93d3cudzMub3JnLzIwMDAvc3ZnIj4KICAgIDxwYXRoIGQ9Ik0xMC43MjIgNC4yOTNjLS4zOTQtLjM5LTEuMDMyLS4zOS0xLjQyNyAwLS4zOTMuMzktLjM5MyAxLjAzIDAgMS40MmwxMS4yODMgMTAuMjgtMTEuMjgzIDEwLjI5Yy0uMzkzLjM5LS4zOTMgMS4wMiAwIDEuNDIuMzk1LjM5IDEuMDMzLjM5IDEuNDI3IDBsMTIuMDA3LTEwLjk0Yy4yMS0uMjEuMy0uNDkuMjg0LS43Ny4wMTQtLjI3LS4wNzYtLjU1LS4yODYtLjc2TDEwLjcyIDQuMjkzeiIKICAgICAgICAgIGZpbGw9IiNmZmZmZmYiIG9wYWNpdHk9IjEiIGZpbGwtcnVsZT0iZXZlbm9kZCIvPgo8L3N2Zz4=\" alt=\"next arrow\"><\/div><\/div><\/div><div class=\"n2-ss-slider-controls n2-ss-slider-controls-below\"><div data-width-percent=\"100\" class=\"n2-ss-widget nextend-thumbnail nextend-thumbnail-default nextend-thumbnail-horizontal n2-ow-all\" style=\"width:100%;\" data-has-next=\"0\" data-has-previous=\"0\"><div class=\"nextend-thumbnail-inner n2-style-df32cb3742fdac43eb0251df7d67c185-simple\"><div class=\"nextend-thumbnail-scroller n2-align-content-start\" style=\"grid-template-rows:repeat(1, 1fr)\"><div class=\"n2-thumbnail-dot n2-style-462cb0983aca6cda3fc34a0feea6024b-dot\" data-slide-public-id=\"1\" role=\"button\" aria-label=\"\" tabindex=\"0\"><picture class=\"skip-lazy\" data-skip-lazy=\"1\"><img decoding=\"async\" alt=\"\" src=\"\/\/vaantajantila.fi\/wp-content\/uploads\/2020\/06\/akanlahti_15.jpg\" width=\"120\" height=\"81\" loading=\"lazy\" class=\"skip-lazy\" data-skip-lazy=\"1\" \/><\/picture><\/div><div class=\"n2-thumbnail-dot n2-style-462cb0983aca6cda3fc34a0feea6024b-dot\" data-slide-public-id=\"2\" role=\"button\" aria-label=\"\" tabindex=\"0\"><picture class=\"skip-lazy\" data-skip-lazy=\"1\"><img decoding=\"async\" alt=\"\" src=\"\/\/vaantajantila.fi\/wp-content\/uploads\/2020\/06\/akanlahti_2.jpg\" width=\"120\" height=\"81\" loading=\"lazy\" class=\"skip-lazy\" data-skip-lazy=\"1\" \/><\/picture><\/div><div class=\"n2-thumbnail-dot n2-style-462cb0983aca6cda3fc34a0feea6024b-dot\" data-slide-public-id=\"3\" role=\"button\" aria-label=\"\" tabindex=\"0\"><picture class=\"skip-lazy\" data-skip-lazy=\"1\"><img decoding=\"async\" alt=\"\" src=\"\/\/vaantajantila.fi\/wp-content\/uploads\/slider2\/IMG_1163.jpeg\" width=\"120\" height=\"81\" loading=\"lazy\" class=\"skip-lazy\" data-skip-lazy=\"1\" \/><\/picture><\/div><div class=\"n2-thumbnail-dot n2-style-462cb0983aca6cda3fc34a0feea6024b-dot\" data-slide-public-id=\"4\" role=\"button\" aria-label=\"\" tabindex=\"0\"><picture class=\"skip-lazy\" data-skip-lazy=\"1\"><img decoding=\"async\" alt=\"\" src=\"\/\/vaantajantila.fi\/wp-content\/uploads\/2026\/03\/IMG_1167-scaled.jpeg\" width=\"120\" height=\"81\" loading=\"lazy\" class=\"skip-lazy\" data-skip-lazy=\"1\" \/><\/picture><\/div><div class=\"n2-thumbnail-dot n2-style-462cb0983aca6cda3fc34a0feea6024b-dot\" data-slide-public-id=\"5\" role=\"button\" aria-label=\"\" tabindex=\"0\"><picture class=\"skip-lazy\" data-skip-lazy=\"1\"><img decoding=\"async\" alt=\"\" src=\"\/\/vaantajantila.fi\/wp-content\/uploads\/slider2\/IMG_1168.jpeg\" width=\"120\" height=\"81\" loading=\"lazy\" class=\"skip-lazy\" data-skip-lazy=\"1\" \/><\/picture><\/div><div class=\"n2-thumbnail-dot n2-style-462cb0983aca6cda3fc34a0feea6024b-dot\" data-slide-public-id=\"6\" role=\"button\" aria-label=\"\" tabindex=\"0\"><picture class=\"skip-lazy\" data-skip-lazy=\"1\"><img decoding=\"async\" alt=\"\" src=\"\/\/vaantajantila.fi\/wp-content\/uploads\/slider2\/IMG_1166.jpeg\" width=\"120\" height=\"81\" loading=\"lazy\" class=\"skip-lazy\" data-skip-lazy=\"1\" \/><\/picture><\/div><div class=\"n2-thumbnail-dot n2-style-462cb0983aca6cda3fc34a0feea6024b-dot\" data-slide-public-id=\"7\" role=\"button\" aria-label=\"\" tabindex=\"0\"><picture class=\"skip-lazy\" data-skip-lazy=\"1\"><img decoding=\"async\" alt=\"\" src=\"\/\/vaantajantila.fi\/wp-content\/uploads\/2020\/06\/akanlahti_9.jpg\" width=\"120\" height=\"81\" loading=\"lazy\" class=\"skip-lazy\" data-skip-lazy=\"1\" \/><\/picture><\/div><div class=\"n2-thumbnail-dot n2-style-462cb0983aca6cda3fc34a0feea6024b-dot\" data-slide-public-id=\"8\" role=\"button\" aria-label=\"\" tabindex=\"0\"><picture class=\"skip-lazy\" data-skip-lazy=\"1\"><img decoding=\"async\" alt=\"\" src=\"\/\/vaantajantila.fi\/wp-content\/uploads\/2020\/06\/akanlahti_11.jpg\" width=\"120\" height=\"81\" loading=\"lazy\" class=\"skip-lazy\" data-skip-lazy=\"1\" \/><\/picture><\/div><div class=\"n2-thumbnail-dot n2-style-462cb0983aca6cda3fc34a0feea6024b-dot\" data-slide-public-id=\"9\" role=\"button\" aria-label=\"\" tabindex=\"0\"><picture class=\"skip-lazy\" data-skip-lazy=\"1\"><img decoding=\"async\" alt=\"\" src=\"\/\/vaantajantila.fi\/wp-content\/uploads\/2020\/06\/akanlahti_6.jpg\" width=\"120\" height=\"81\" loading=\"lazy\" class=\"skip-lazy\" data-skip-lazy=\"1\" \/><\/picture><\/div><div class=\"n2-thumbnail-dot n2-style-462cb0983aca6cda3fc34a0feea6024b-dot\" data-slide-public-id=\"10\" role=\"button\" aria-label=\"\" tabindex=\"0\"><picture class=\"skip-lazy\" data-skip-lazy=\"1\"><img decoding=\"async\" alt=\"\" src=\"\/\/vaantajantila.fi\/wp-content\/uploads\/2020\/06\/akanlahti_8.jpg\" width=\"120\" height=\"81\" loading=\"lazy\" class=\"skip-lazy\" data-skip-lazy=\"1\" \/><\/picture><\/div><div class=\"n2-thumbnail-dot n2-style-462cb0983aca6cda3fc34a0feea6024b-dot\" data-slide-public-id=\"11\" role=\"button\" aria-label=\"\" tabindex=\"0\"><picture class=\"skip-lazy\" data-skip-lazy=\"1\"><img decoding=\"async\" alt=\"\" src=\"\/\/vaantajantila.fi\/wp-content\/uploads\/2020\/06\/akanlahti_1-1.jpg\" width=\"120\" height=\"81\" loading=\"lazy\" class=\"skip-lazy\" data-skip-lazy=\"1\" \/><\/picture><\/div><div class=\"n2-thumbnail-dot n2-style-462cb0983aca6cda3fc34a0feea6024b-dot\" data-slide-public-id=\"12\" role=\"button\" aria-label=\"\" tabindex=\"0\"><picture class=\"skip-lazy\" data-skip-lazy=\"1\"><img decoding=\"async\" alt=\"\" src=\"\/\/vaantajantila.fi\/wp-content\/uploads\/2020\/06\/akanlahti_pohja_750x350-large.jpg\" width=\"120\" height=\"81\" loading=\"lazy\" class=\"skip-lazy\" data-skip-lazy=\"1\" \/><\/picture><\/div><\/div><\/div><div class=\"nextend-thumbnail-button nextend-thumbnail-previous\"><img decoding=\"async\" width=\"26\" height=\"26\" style=\"width:26px;transform:rotateZ(-90deg);\" loading=\"lazy\" class=\"skip-lazy\" data-skip-lazy=\"1\" src=\"data:image\/svg+xml;base64,PHN2ZyB3aWR0aD0iMjYiIGhlaWdodD0iMjYiIHhtbG5zPSJodHRwOi8vd3d3LnczLm9yZy8yMDAwL3N2ZyI+CiAgICA8ZyBmaWxsPSJub25lIiBmaWxsLXJ1bGU9ImV2ZW5vZGQiPgogICAgICAgIDxjaXJjbGUgc3Ryb2tlPSIjZmZmIiBzdHJva2Utd2lkdGg9IjIiIG9wYWNpdHk9Ii41IiBmaWxsPSIjMDAwIiBjeD0iMTMiIGN5PSIxMyIgcj0iMTIiLz4KICAgICAgICA8cGF0aCBkPSJNMTMuNDM1IDkuMTc4Yy0uMTI2LS4xMjEtLjI3LS4xODItLjQzNi0uMTgyLS4xNjQgMC0uMzA2LjA2MS0uNDI4LjE4MmwtNC4zOCA0LjE3NWMtLjEyNi4xMjEtLjE4OC4yNjItLjE4OC40MjQgMCAuMTYxLjA2Mi4zMDIuMTg4LjQyM2wuNjUuNjIyYy4xMjYuMTIxLjI3My4xODIuNDQxLjE4Mi4xNyAwIC4zMTQtLjA2MS40MzYtLjE4MmwzLjMxNC0zLjE2MSAzLjI0OSAzLjE2MWMuMTI2LjEyMS4yNjkuMTgyLjQzMi4xODIuMTY0IDAgLjMwNy0uMDYxLjQzMy0uMTgybC42NjItLjYyMmMuMTI2LS4xMjEuMTg5LS4yNjIuMTg5LS40MjMgMC0uMTYyLS4wNjMtLjMwMy0uMTg5LS40MjRsLTQuMzczLTQuMTc1eiIKICAgICAgICAgICAgICBmaWxsPSIjZmZmIi8+CiAgICA8L2c+Cjwvc3ZnPg==\" alt=\"previous arrow\"><\/div><div class=\"nextend-thumbnail-button nextend-thumbnail-next\"><img decoding=\"async\" width=\"26\" height=\"26\" style=\"width:26px;transform:rotateZ(-90deg);\" loading=\"lazy\" class=\"skip-lazy\" data-skip-lazy=\"1\" src=\"data:image\/svg+xml;base64,PHN2ZyB4bWxucz0iaHR0cDovL3d3dy53My5vcmcvMjAwMC9zdmciIHdpZHRoPSIyNiIgaGVpZ2h0PSIyNiI+CiAgICA8ZyBmaWxsPSJub25lIj4KICAgICAgICA8Y2lyY2xlIGN4PSIxMyIgY3k9IjEzIiByPSIxMiIgZmlsbD0iIzAwMCIgc3Ryb2tlPSIjZmZmIiBzdHJva2Utd2lkdGg9IjIiIG9wYWNpdHk9Ii41Ii8+CiAgICAgICAgPHBhdGggZmlsbD0iI2ZmZiIKICAgICAgICAgICAgICBkPSJNMTIuNTY1IDE2LjgyMmMuMTI2LjEyLjI3LjE4Mi40MzYuMTgyLjE2OCAwIC4zMS0uMDYuNDMtLjE4Mmw0LjM4LTQuMTc1Yy4xMjgtLjEyLjE5LS4yNjIuMTktLjQyNCAwLS4xNi0uMDYyLS4zMDItLjE5LS40MjNsLS42NS0uNjIyYy0uMTI1LS4xMi0uMjcyLS4xODItLjQ0LS4xODItLjE3IDAtLjMxNC4wNi0uNDM2LjE4MmwtMy4zMTQgMy4xNi0zLjI1LTMuMTZjLS4xMjYtLjEyLS4yNy0uMTgyLS40My0uMTgyLS4xNjYgMC0uMzEuMDYtLjQzNS4xODJsLS42NjIuNjIyYy0uMTI2LjEyLS4xOS4yNjItLjE5LjQyMyAwIC4xNjIuMDY0LjMwMy4xOS40MjRsNC4zNzMgNC4xNzV6Ii8+CiAgICA8L2c+Cjwvc3ZnPg==\" alt=\"next arrow\"><\/div><\/div><\/div><\/div><\/div><ss3-loader><\/ss3-loader><\/div><\/div><div class=\"n2_clear\"><\/div><\/div>\n\n<ul>\n<li>\n<p>Build in 1995<\/p>\n<\/li>\n<li>\n<p>Frame made of logs<\/p>\n<\/li>\n<li>\n<p>Sis\u00e4tilaa yli 70 m2<\/p>\n<\/li>\n<li>\n<p>Bedrooms 2<\/p>\n<\/li>\n<li>\n<p>Beds for 4 + 4<\/p>\n<\/li>\n<li>\n<p>A\/C<\/p>\n<\/li>\n<\/ul>\n<ul>\n<li>\n<p>Private beach<\/p>\n<\/li>\n<li>\n<p>Private swimming platform<\/p>\n<\/li>\n<li>\n<p>Rowboat<\/p>\n<\/li>\n<li>\n<p>Table-set<\/p>\n<\/li>\n<li>\n<p>Fireplace and grill<\/p>\n<\/li>\n<li>\n<p>Large heat-reserving fireplace<\/p>\n<\/li>\n<li>\n<p>Sauna heated with firewood<\/p>\n<\/li>\n<li>\n<p>Bathroom<\/p>\n<\/li>\n<li>\n<p>Shower<\/p>\n<\/li>\n<li>\n<p>Toilet<\/p>\n<\/li>\n<li>\n<p>Terrace and balcony under roof<\/p>\n<\/li>\n<li>\n<p>Elecricity<\/p>\n<\/li>\n<li>\n<p>Elecric stove<\/p>\n<\/li>\n<li>\n<p>Dishwasher<\/p>\n<\/li>\n<li>\n<p>Kitchenware<\/p>\n<\/li>\n<li>\n<p>Fridge-freezer<\/p>\n<\/li>\n<li>\n<p>Microwave owen<\/p>\n<\/li>\n<li>\n<p>Tableware for 10 persons<\/p>\n<\/li>\n<li>\n<p>Laundrymachine<\/p>\n<\/li>\n<li>\n<p>TV<\/p>\n<\/li>\n<li>\n<p>Cd\/radio<\/p>\n<\/li>\n<li>\n<p>WLAN<\/p>\n<\/li>\n<\/ul>\n<p><span style=\"font-size: 16px;\"><a class=\"varaa\" href=\"http:\/\/www.huvila.net\/cgi-bin\/pager.cgi?huvila=110\" target=\"_blank\" rel=\"noopener\" data-wplink-edit=\"true\">Varaa t\u00e4st\u00e4<\/a><\/span><\/p>\n\n\n<p><\/p>","protected":false},"excerpt":{"rendered":"<p>Valmistunut 1995 Hirsirunko, vuorattu Sis\u00e4tilaa yli 70 m2 Makuuhuoneita 2 Vuodepaikkoja 4 + 4 Ilmal\u00e4mp\u00f6pumppu Oma uimaranta Laituri Soutuvene Pihakalusteet Muurattu grilli Suuri varaava takkauuni Puul\u00e4mmitteinen sauna Kylpyhuone Suihku Sis\u00e4-wc &#8230;<\/p>","protected":false},"author":1,"featured_media":1768,"parent":2193,"menu_order":1,"comment_status":"closed","ping_status":"closed","template":"","meta":{"footnotes":""},"class_list":["post-2751","page","type-page","status-publish","has-post-thumbnail","hentry"],"_links":{"self":[{"href":"https:\/\/vaantajantila.fi\/en\/wp-json\/wp\/v2\/pages\/2751","targetHints":{"allow":["GET"]}}],"collection":[{"href":"https:\/\/vaantajantila.fi\/en\/wp-json\/wp\/v2\/pages"}],"about":[{"href":"https:\/\/vaantajantila.fi\/en\/wp-json\/wp\/v2\/types\/page"}],"author":[{"embeddable":true,"href":"https:\/\/vaantajantila.fi\/en\/wp-json\/wp\/v2\/users\/1"}],"replies":[{"embeddable":true,"href":"https:\/\/vaantajantila.fi\/en\/wp-json\/wp\/v2\/comments?post=2751"}],"version-history":[{"count":12,"href":"https:\/\/vaantajantila.fi\/en\/wp-json\/wp\/v2\/pages\/2751\/revisions"}],"predecessor-version":[{"id":2807,"href":"https:\/\/vaantajantila.fi\/en\/wp-json\/wp\/v2\/pages\/2751\/revisions\/2807"}],"up":[{"embeddable":true,"href":"https:\/\/vaantajantila.fi\/en\/wp-json\/wp\/v2\/pages\/2193"}],"wp:featuredmedia":[{"embeddable":true,"href":"https:\/\/vaantajantila.fi\/en\/wp-json\/wp\/v2\/media\/1768"}],"wp:attachment":[{"href":"https:\/\/vaantajantila.fi\/en\/wp-json\/wp\/v2\/media?parent=2751"}],"curies":[{"name":"wp","href":"https:\/\/api.w.org\/{rel}","templated":true}]}}