{"id":2193,"date":"2020-10-13T15:52:40","date_gmt":"2020-10-13T12:52:40","guid":{"rendered":"https:\/\/vainonen.com\/vaantajantila\/?page_id=2193"},"modified":"2024-04-29T19:18:36","modified_gmt":"2024-04-29T16:18:36","slug":"mokit","status":"publish","type":"page","link":"https:\/\/vaantajantila.fi\/en\/mokit\/","title":{"rendered":"Cottages"},"content":{"rendered":"<div class=\"wp-block-group\"><div class=\"wp-block-group__inner-container is-layout-flow wp-block-group-is-layout-flow\">\n<div class=\"wp-block-columns is-layout-flex wp-container-core-columns-is-layout-9d6595d7 wp-block-columns-is-layout-flex\">\n<div class=\"wp-block-column is-layout-flow wp-block-column-is-layout-flow\">\n<p style=\"font-size:15px\">Three well-equipped cottages for rent along the scenic and clean V\u00e4liv\u00e4yl\u00e4 in Pohjois-Kymenlaakso. Standard equipment includes electricity, tap water, sauna heated with firewood and well-equipped kitchens. All cottages have a private beach, pier and rowing boat. The cottages are winter-friendly and in addition to electric heating, pleasant heat and atmosphere can be created with fireplaces.<\/p>\n<\/div>\n\n\n\n<div class=\"wp-block-column is-layout-flow wp-block-column-is-layout-flow\">\n<p>The closest services:<\/p>\n\n\n\n<p class=\"translation-block\"><strong>Kaipiainen \u2013 6 km:<\/strong><br>Grocery shop open 9 \u2013 20, sat 8 \u2013 18<br>mail-office, bus-stop<\/p>\n\n\n\n<p class=\"translation-block\"><strong>Road 6 \/ Tirva \u2013 12 km:<\/strong><br>Restaurant, Gas-station<\/p>\n\n\n\n<p class=\"translation-block\"><strong>Utti \u2013 18 km:<\/strong><br>Restaurant, Burgers, gas-station\nGrocery-shop open 24 hrs\/7 days a week, pharmacy<\/p>\n\n\n\n<p class=\"translation-block\"><strong>Kouvola town:<\/strong><br>Center, railway station 28 km<br>Shopping malls 35 km<\/p>\n<\/div>\n<\/div>\n<\/div><\/div>\n\n\n\n<hr class=\"wp-block-separator has-css-opacity is-style-dots\"\/>\n\n\n\n<div class=\"wp-block-media-text alignwide is-stacked-on-mobile is-image-fill\"><figure class=\"wp-block-media-text__media\" style=\"background-image:url(https:\/\/vaantajantila.fi\/wp-content\/uploads\/2020\/06\/akanlahti_15-1024x684.jpg);background-position:50% 50%\"><img decoding=\"async\" src=\"https:\/\/vaantajantila.fi\/wp-content\/uploads\/2020\/06\/akanlahti_15-1024x684.jpg\" alt=\"\" class=\"wp-image-1768 size-full\"\/><\/figure><div class=\"wp-block-media-text__content\">\n<p class=\"has-very-dark-gray-color has-text-color has-large-font-size\">Akanlahti<\/p>\n\n\n\n<p><a href=\"https:\/\/vaantajantila.fi\/en\/mokit\/akanlahti\/\" class=\"button\">Explore<\/a><\/p>\n<\/div><\/div>\n\n\n\n<hr class=\"wp-block-separator has-css-opacity is-style-dots\"\/>\n\n\n\n<div class=\"wp-block-media-text alignwide is-stacked-on-mobile is-image-fill\"><figure class=\"wp-block-media-text__media\" style=\"background-image:url(https:\/\/vaantajantila.fi\/wp-content\/uploads\/slider3\/puolukkapiha_4-1024x684.jpeg);background-position:50% 50%\"><img decoding=\"async\" src=\"https:\/\/vaantajantila.fi\/wp-content\/uploads\/slider3\/puolukkapiha_4-1024x684.jpeg\" alt=\"\" class=\"wp-image-1786 size-full\"\/><\/figure><div class=\"wp-block-media-text__content\">\n<p class=\"has-very-dark-gray-color has-text-color has-large-font-size\">Puolukkapiha<\/p>\n\n\n\n<p><a href=\"https:\/\/vaantajantila.fi\/en\/mokit\/puolukkapiha\/\">Explore<\/a><\/p>\n<\/div><\/div>\n\n\n\n<hr class=\"wp-block-separator has-css-opacity is-style-dots\"\/>\n\n\n\n<div class=\"wp-block-media-text alignwide is-stacked-on-mobile is-image-fill\"><figure class=\"wp-block-media-text__media\" style=\"background-image:url(https:\/\/vaantajantila.fi\/wp-content\/uploads\/2020\/06\/suursalmi_15-1024x684.jpg);background-position:50% 50%\"><img decoding=\"async\" src=\"https:\/\/vaantajantila.fi\/wp-content\/uploads\/2020\/06\/suursalmi_15-1024x684.jpg\" alt=\"\" class=\"wp-image-1774 size-full\"\/><\/figure><div class=\"wp-block-media-text__content\">\n<p class=\"has-very-dark-gray-color has-text-color has-large-font-size\">Suursalmi<\/p>\n\n\n\n<p><a href=\"https:\/\/vaantajantila.fi\/en\/mokit\/suursalmi\/\" class=\"button\">Explore<\/a><\/p>\n<\/div><\/div>","protected":false},"excerpt":{"rendered":"<p>Vuokrattavissa kolme hyvin varusteltua m\u00f6kki\u00e4 luonnonkauniin ja puhtaan V\u00e4liv\u00e4yl\u00e4n varrella Pohjois-Kymenlaaksossa. Perusvarusteluna s\u00e4hk\u00f6t, vesijohtovesi, puusauna ja hyvin varustellut keitti\u00f6t. Kaikilla m\u00f6keill\u00e4 on oma uimaranta, laituri ja soutuvene. M\u00f6kit ovat talviasuttavia &#8230;<\/p>","protected":false},"author":1,"featured_media":1747,"parent":0,"menu_order":2,"comment_status":"closed","ping_status":"closed","template":"","meta":{"footnotes":""},"class_list":["post-2193","page","type-page","status-publish","has-post-thumbnail","hentry"],"_links":{"self":[{"href":"https:\/\/vaantajantila.fi\/en\/wp-json\/wp\/v2\/pages\/2193","targetHints":{"allow":["GET"]}}],"collection":[{"href":"https:\/\/vaantajantila.fi\/en\/wp-json\/wp\/v2\/pages"}],"about":[{"href":"https:\/\/vaantajantila.fi\/en\/wp-json\/wp\/v2\/types\/page"}],"author":[{"embeddable":true,"href":"https:\/\/vaantajantila.fi\/en\/wp-json\/wp\/v2\/users\/1"}],"replies":[{"embeddable":true,"href":"https:\/\/vaantajantila.fi\/en\/wp-json\/wp\/v2\/comments?post=2193"}],"version-history":[{"count":30,"href":"https:\/\/vaantajantila.fi\/en\/wp-json\/wp\/v2\/pages\/2193\/revisions"}],"predecessor-version":[{"id":2741,"href":"https:\/\/vaantajantila.fi\/en\/wp-json\/wp\/v2\/pages\/2193\/revisions\/2741"}],"wp:featuredmedia":[{"embeddable":true,"href":"https:\/\/vaantajantila.fi\/en\/wp-json\/wp\/v2\/media\/1747"}],"wp:attachment":[{"href":"https:\/\/vaantajantila.fi\/en\/wp-json\/wp\/v2\/media?parent=2193"}],"curies":[{"name":"wp","href":"https:\/\/api.w.org\/{rel}","templated":true}]}}