{"id":1455,"date":"2020-04-04T16:44:22","date_gmt":"2020-04-04T13:44:22","guid":{"rendered":"https:\/\/vainonen.com\/vaantajantila\/?page_id=1455"},"modified":"2025-01-17T10:12:38","modified_gmt":"2025-01-17T08:12:38","slug":"valinevuokraus","status":"publish","type":"page","link":"https:\/\/vaantajantila.fi\/en\/valinevuokraus\/","title":{"rendered":"Rental"},"content":{"rendered":"<figure class=\"wp-block-table is-style-stripes\">\n  <table>\n    <thead>\n      <tr>\n        <th><strong>Public prices<\/strong><\/th>\n        <th><strong>Day<\/strong><\/th>\n        <th><strong>Weekend<\/strong><\/th>\n        <th><strong>Week<\/strong><\/th>\n      <\/tr>\n    <\/thead>\n    <tbody>\n      <tr>\n        <td>SUP board inc. lifejacket<\/td>\n        <td>30\u20ac<\/td>\n        <td>60\u20ac<\/td>\n        <td>Ask for offer<\/td>\n      <\/tr>\n      <tr>\n        <td>Two SUP boards inc. lifejackets<\/td>\n        <td>50\u20ac<\/td>\n        <td>100\u20ac<\/td>\n        <td>Ask for offer<\/td>\n      <\/tr>\n      <tr>\n        <td>Electric touring bike<\/td>\n        <td>60\u20ac\/4h or 80\u20ac\/day<\/td>\n        <td>\u2013<\/td>\n        <td>Ask for offer<\/td>\n      <\/tr>\n      <tr>\n        <td>Mountain bike<\/td>\n        <td>10\u20ac<\/td>\n        <td>\u2013<\/td>\n        <td>40\u20ac<\/td>\n      <\/tr>\n      <tr>\n        <td>Outboard motor 2.5hp \/ electric outboard motor<\/td>\n        <td>25\u20ac<\/td>\n        <td>50\u20ac<\/td>\n        <td>100\u20ac<\/td>\n      <\/tr>\n      <tr>\n        <td>Linder aluminium boat + engine<\/td>\n        <td>45\u20ac<\/td>\n        <td>90\u20ac<\/td>\n        <td>150\u20ac<\/td>\n      <\/tr>\n    <\/tbody>\n    <thead>\n      <tr>\n        <th><strong>Cottage customers<\/strong><\/th>\n        <th><\/th>\n        <th><\/th>\n        <th><\/th>\n      <\/tr>\n    <\/thead>\n    <tbody>\n      <tr>\n        <td>Hot tub trailer 6-8 persons<\/td>\n        <td>100\u20ac<\/td>\n        <td>160\u20ac<\/td>\n        <td>\u2013<\/td>\n      <\/tr>\n      <tr>\n        <td>SUP board inc. lifejacket<\/td>\n        <td>25\u20ac<\/td>\n        <td>50\u20ac<\/td>\n        <td>Ask for offer<\/td>\n      <\/tr>\n      <tr>\n        <td>Two SUP boards inc. lifejackets<\/td>\n        <td>40\u20ac<\/td>\n        <td>80\u20ac<\/td>\n        <td>Ask for offer<\/td>\n      <\/tr>\n    <\/tbody>\n  <\/table>\n  <figcaption class=\"wp-element-caption\">\n    <strong>The weekend is Friday 4 pm \u2013 Sunday 6 pm, prices incl. VAT. Equipment can be transported if necessary.<\/strong>\n  <\/figcaption>\n<\/figure>","protected":false},"excerpt":{"rendered":"<p>Yleinen hinnasto P\u00e4iv\u00e4 Viikonloppu Viikko Sup-lauta sis. liivit 30\u20ac 60\u20ac Kysy tarjous Kaksi sup-lautaa sis. liivit 50\u20ac 100\u20ac Kysy tarjous S\u00e4hk\u00f6avusteinen retkipy\u00f6r\u00e4 60\u20ac\/4h tai 80\u20ac\/p\u00e4iv\u00e4 \u2013 Kysy tarjous Maastopy\u00f6r\u00e4, naisten &#8230;<\/p>","protected":false},"author":1,"featured_media":1746,"parent":0,"menu_order":4,"comment_status":"closed","ping_status":"closed","template":"","meta":{"footnotes":""},"class_list":["post-1455","page","type-page","status-publish","has-post-thumbnail","hentry"],"_links":{"self":[{"href":"https:\/\/vaantajantila.fi\/en\/wp-json\/wp\/v2\/pages\/1455","targetHints":{"allow":["GET"]}}],"collection":[{"href":"https:\/\/vaantajantila.fi\/en\/wp-json\/wp\/v2\/pages"}],"about":[{"href":"https:\/\/vaantajantila.fi\/en\/wp-json\/wp\/v2\/types\/page"}],"author":[{"embeddable":true,"href":"https:\/\/vaantajantila.fi\/en\/wp-json\/wp\/v2\/users\/1"}],"replies":[{"embeddable":true,"href":"https:\/\/vaantajantila.fi\/en\/wp-json\/wp\/v2\/comments?post=1455"}],"version-history":[{"count":67,"href":"https:\/\/vaantajantila.fi\/en\/wp-json\/wp\/v2\/pages\/1455\/revisions"}],"predecessor-version":[{"id":2800,"href":"https:\/\/vaantajantila.fi\/en\/wp-json\/wp\/v2\/pages\/1455\/revisions\/2800"}],"wp:featuredmedia":[{"embeddable":true,"href":"https:\/\/vaantajantila.fi\/en\/wp-json\/wp\/v2\/media\/1746"}],"wp:attachment":[{"href":"https:\/\/vaantajantila.fi\/en\/wp-json\/wp\/v2\/media?parent=1455"}],"curies":[{"name":"wp","href":"https:\/\/api.w.org\/{rel}","templated":true}]}}