{"id":1453,"date":"2020-04-04T16:44:09","date_gmt":"2020-04-04T13:44:09","guid":{"rendered":"https:\/\/vainonen.com\/vaantajantila\/?page_id=1453"},"modified":"2024-04-29T19:39:57","modified_gmt":"2024-04-29T16:39:57","slug":"ateriapalvelut","status":"publish","type":"page","link":"https:\/\/vaantajantila.fi\/en\/ateriapalvelut\/","title":{"rendered":"Catering"},"content":{"rendered":"<p>Catering includes dining as part of the program for evenings, pre-Christmas party, family parties and other events organized by V\u00e4\u00e4nt\u00e4j\u00e4n Tila.<\/p>\n<p>It is also possible to order meal packages for events held outside from V\u00e4\u00e4nt\u00e4j\u00e4n Tila.<\/p>\n<p>Cakes, pastries and meals can also be ordered for self-picking.<\/p>\n<p><strong>Ordering meals<\/strong><\/p>\n<p>All meals should be order in advance. For large party menu has to be agreed earlier. If the meal is combined with social evening, it usually takes place in nature, in a hut or in cottages, but food services can also be ordered elsewhere, a reasonable distance from V\u00e4\u00e4nt\u00e4j\u00e4n Tila.<\/p>","protected":false},"excerpt":{"rendered":"<p>Ateriapalvelu liitt\u00e4\u00e4 ruokailun osaksi ohjelmaa V\u00e4\u00e4nt\u00e4j\u00e4n Tilan j\u00e4rjest\u00e4miin illanviettoihin, pikkujouluihin, perhejuhliin ja muihin tilaisuuksiin. Ateriakokonaisuuksia on mahdollista tilata my\u00f6s tilan ulkopuolella j\u00e4rjestett\u00e4viin tilaisuuksiin. Kakkuja, leivonnaisia ja ruokia voi my\u00f6s tilata &#8230;<\/p>","protected":false},"author":1,"featured_media":1529,"parent":0,"menu_order":5,"comment_status":"closed","ping_status":"closed","template":"","meta":{"footnotes":""},"class_list":["post-1453","page","type-page","status-publish","has-post-thumbnail","hentry"],"_links":{"self":[{"href":"https:\/\/vaantajantila.fi\/en\/wp-json\/wp\/v2\/pages\/1453","targetHints":{"allow":["GET"]}}],"collection":[{"href":"https:\/\/vaantajantila.fi\/en\/wp-json\/wp\/v2\/pages"}],"about":[{"href":"https:\/\/vaantajantila.fi\/en\/wp-json\/wp\/v2\/types\/page"}],"author":[{"embeddable":true,"href":"https:\/\/vaantajantila.fi\/en\/wp-json\/wp\/v2\/users\/1"}],"replies":[{"embeddable":true,"href":"https:\/\/vaantajantila.fi\/en\/wp-json\/wp\/v2\/comments?post=1453"}],"version-history":[{"count":13,"href":"https:\/\/vaantajantila.fi\/en\/wp-json\/wp\/v2\/pages\/1453\/revisions"}],"predecessor-version":[{"id":1832,"href":"https:\/\/vaantajantila.fi\/en\/wp-json\/wp\/v2\/pages\/1453\/revisions\/1832"}],"wp:featuredmedia":[{"embeddable":true,"href":"https:\/\/vaantajantila.fi\/en\/wp-json\/wp\/v2\/media\/1529"}],"wp:attachment":[{"href":"https:\/\/vaantajantila.fi\/en\/wp-json\/wp\/v2\/media?parent=1453"}],"curies":[{"name":"wp","href":"https:\/\/api.w.org\/{rel}","templated":true}]}}